{"id":9286,"date":"2024-10-01T14:45:37","date_gmt":"2024-10-01T14:45:37","guid":{"rendered":"https:\/\/masboronat.com\/datenschutzbestimmungen\/"},"modified":"2025-03-08T22:45:35","modified_gmt":"2025-03-08T22:45:35","slug":"datenschutzbestimmungen","status":"publish","type":"page","link":"https:\/\/masboronat.com\/de\/datenschutzbestimmungen\/","title":{"rendered":"Datenschutzbestimmungen"},"content":{"rendered":"\n<h2 class=\"wp-block-heading\">Wer wir sind<\/h2>\n\n<p><strong class=\"privacy-policy-tutorial\">Voorgestelde tekst:<\/strong> Het adres van onze website is: https:\/\/masboronat.com.<\/p>\n\n<h2 class=\"wp-block-heading\">Kommentare<\/h2>\n\n<p><strong class=\"privacy-policy-tutorial\">Vorgeschlagener Text:<\/strong> Wenn Besucher Kommentare auf der Site hinterlassen, erfassen wir die im Kommentarformular angezeigten Daten sowie die IP-Adresse des Besuchers und den User-Agent-String (damit wird der Browser identifiziert), um die Spam-Erkennung zu unterst\u00fctzen.<\/p>\n\n<p>Aus Ihrer E-Mail-Adresse kann eine anonymisierte Zeichenfolge (auch Hash genannt) erstellt und dem Gravatar-Dienst zur Verf\u00fcgung gestellt werden, um zu pr\u00fcfen, ob Sie ihn verwenden. Die Datenschutzrichtlinie des Gravatar-Dienstes finden Sie hier: https:\/\/automattic.com\/privacy\/. Nach der Freigabe Ihres Kommentars ist Ihr Profilbild \u00f6ffentlich im Kontext Ihres Kommentars sichtbar.  <\/p>\n\n<h2 class=\"wp-block-heading\">Medien<\/h2>\n\n<p><strong class=\"privacy-policy-tutorial\">Textvorschlagt: <\/strong>Wenn Sie Bilder auf die Website hochladen, sollten Sie das Hochladen von Bildern mit eingebetteten Standortdaten (EXIF GPS) vermeiden. Besucher der Website k\u00f6nnen beliebige Standortdaten aus Bildern auf der Website herunterladen und extrahieren.  <\/p>\n\n<h2 class=\"wp-block-heading\">Cookies<\/h2>\n\n<p><strong class=\"privacy-policy-tutorial\">Voorgestelde tekst: <\/strong>Als u een reactie achterlaat op onze site kunt u ervoor kiezen om uw naam, e-mailadres en website op te slaan in cookies. Deze zijn voor uw gemak zodat u uw gegevens niet opnieuw hoeft in te vullen als u een andere reactie achterlaat. Deze cookies gaan een jaar mee.   <\/p>\n\n<p>Wenn Sie unsere Anmeldeseite besuchen, setzen wir ein tempor\u00e4res Cookie, um festzustellen, ob Ihr Browser Cookies akzeptiert. Dieses Cookie enth\u00e4lt keine personenbezogenen Daten und wird gel\u00f6scht, wenn Sie Ihren Browser schlie\u00dfen.  <\/p>\n\n<p>Wenn Sie sich anmelden, richten wir au\u00dferdem mehrere Cookies ein, um Ihre Anmeldeinformationen und Ihre Bildschirmanzeigeeinstellungen zu speichern. Anmelde-Cookies sind zwei Tage lang g\u00fcltig und Cookies f\u00fcr Bildschirmoptionen ein Jahr lang. Wenn Sie \u201eAngemeldet bleiben\u201c ausw\u00e4hlen, wird Ihr Login f\u00fcr zwei Wochen gespeichert. Wenn Sie sich von Ihrem Konto abmelden, werden die Anmelde-Cookies gel\u00f6scht.    <\/p>\n\n<p>Wenn Sie einen Artikel bearbeiten oder ver\u00f6ffentlichen, wird ein zus\u00e4tzlicher Cookie in Ihrem Browser gespeichert. Dieses Cookie enth\u00e4lt keine personenbezogenen Daten und gibt lediglich die Beitrags-ID des Artikels an, den Sie gerade bearbeitet haben. Es l\u00e4uft nach 1 Tag ab.   <\/p>\n\n<h2 class=\"wp-block-heading\">Eingebettete Inhalte von anderen Websites<\/h2>\n\n<p><strong class=\"privacy-policy-tutorial\">Vorgeschlagener Text: <\/strong>Artikel auf dieser Site k\u00f6nnen eingebettete Inhalte enthalten (z. B. Videos, Bilder, Artikel usw.). Eingebettete Inhalte von anderen Websites verhalten sich exakt so, als ob der Besucher die andere Website besucht h\u00e4tte.  <\/p>\n\n<p>Diese Websites k\u00f6nnen Daten \u00fcber Sie sammeln, Cookies benutzen, zus\u00e4tzliche Tracking-Dienste von Dritten einbetten und Ihre Interaktion mit diesem eingebetteten Inhalt aufzeichnen, inklusive Ihrer Interaktion mit dem eingebetteten Inhalt, falls Sie ein Konto haben und auf dieser Website angemeldet sind.<\/p>\n\n<h2 class=\"wp-block-heading\">Met wie we uw gegevens delen<\/h2>\n\n<p><strong class=\"privacy-policy-tutorial\">Vorgeschlagener Text: <\/strong>Wenn Sie eine Zur\u00fccksetzung des Passworts anfordern, wird Ihre IP-Adresse in der E-Mail zur Zur\u00fccksetzung enthalten sein.<\/p>\n\n<h2 class=\"wp-block-heading\">Wie lange wir Ihre Daten speichern<\/h2>\n\n<p><strong class=\"privacy-policy-tutorial\">Textvorschlag: <\/strong>Wenn Sie einen Kommentar hinterlassen, bleiben der Kommentar und seine Metadaten zeitlich unbegrenzt gespeichert. Auf diese Weise k\u00f6nnen wir Folgekommentare automatisch erkennen und freigeben, anstatt sie in einer Moderations-Warteschlange festzuhalten.  <\/p>\n\n<p>F\u00fcr Benutzer, die sich auf unserer Website registrieren (falls vorhanden), speichern wir zus\u00e4tzlich die pers\u00f6nlichen Informationen, die sie in ihren Benutzerprofilen angeben. Alle Benutzer k\u00f6nnen ihre pers\u00f6nlichen Daten jederzeit einsehen, bearbeiten oder l\u00f6schen (au\u00dfer sie k\u00f6nnen ihren Benutzernamen nicht \u00e4ndern). Website-Administratoren k\u00f6nnen diese Informationen ebenfalls anzeigen und bearbeiten.   <\/p>\n\n<h2 class=\"wp-block-heading\">Welche Rechte haben Sie an Ihren Daten?<\/h2>\n\n<p><strong class=\"privacy-policy-tutorial\">Vorgeschlagener Text: <\/strong>Wenn Sie \u00fcber ein Konto auf dieser Site verf\u00fcgen oder Kommentare hinterlassen haben, k\u00f6nnen Sie eine exportierte Datei Ihrer bei uns gespeicherten personenbezogenen Daten anfordern, einschlie\u00dflich aller Daten, die Sie uns \u00fcbermittelt haben. Sie k\u00f6nnen auch verlangen, dass wir Ihre personenbezogenen Daten l\u00f6schen. Dies gilt nicht f\u00fcr Daten, die wir aufgrund administrativer, rechtlicher oder sicherheitsrelevanter Notwendigkeiten aufbewahren m\u00fcssen.   <\/p>\n\n<h2 class=\"wp-block-heading\">Wohin Ihre Daten gesendet werden<\/h2>\n\n<p><strong class=\"privacy-policy-tutorial\">Textvorschlag:<\/strong>Besucherkommentare k\u00f6nnten von einem automatisierten Dienst zur Spam-Erkennung untersucht werden.<\/p>\n","protected":false},"excerpt":{"rendered":"<p>Wer wir sind Voorgestelde tekst: Het adres van onze website is: https:\/\/masboronat.com. Kommentare Vorgeschlagener Text: Wenn Besucher Kommentare auf der Site hinterlassen, erfassen wir die im Kommentarformular angezeigten Daten sowie die IP-Adresse des Besuchers und den User-Agent-String (damit wird der Browser identifiziert), um die Spam-Erkennung zu unterst\u00fctzen. Aus Ihrer E-Mail-Adresse kann eine anonymisierte Zeichenfolge (auch [&hellip;]<\/p>\n","protected":false},"author":1,"featured_media":0,"parent":0,"menu_order":33,"comment_status":"closed","ping_status":"closed","template":"","meta":{"_acf_changed":false,"content-type":"","footnotes":""},"categories":[],"tags":[],"class_list":["post-9286","page","type-page","status-publish","hentry"],"acf":[],"yoast_head":"<!-- This site is optimized with the Yoast SEO plugin v27.3 - https:\/\/yoast.com\/product\/yoast-seo-wordpress\/ -->\n<title>Datenschutzrichtlinie von Mas Boronat<\/title>\n<meta name=\"description\" content=\"Lesen Sie unsere Datenschutzbestimmungen und erfahren Sie, wie wir Ihre pers\u00f6nlichen Daten sicher und vertraulich behandeln.\" \/>\n<meta name=\"robots\" content=\"index, follow, max-snippet:-1, max-image-preview:large, max-video-preview:-1\" \/>\n<link rel=\"canonical\" href=\"https:\/\/masboronat.com\/de\/datenschutzbestimmungen\/\" \/>\n<meta property=\"og:locale\" content=\"de_DE\" \/>\n<meta property=\"og:type\" content=\"article\" \/>\n<meta property=\"og:title\" content=\"Datenschutzrichtlinie von Mas Boronat\" \/>\n<meta property=\"og:description\" content=\"Lesen Sie unsere Datenschutzbestimmungen und erfahren Sie, wie wir Ihre pers\u00f6nlichen Daten sicher und vertraulich behandeln.\" \/>\n<meta property=\"og:url\" content=\"https:\/\/masboronat.com\/de\/datenschutzbestimmungen\/\" \/>\n<meta property=\"og:site_name\" content=\"Masboronat\" \/>\n<meta property=\"article:publisher\" content=\"https:\/\/www.facebook.com\/MasBoronat\" \/>\n<meta property=\"article:modified_time\" content=\"2025-03-08T22:45:35+00:00\" \/>\n<meta property=\"og:image\" content=\"https:\/\/masboronat.com\/wp-content\/uploads\/2024\/10\/gal-01-scaled.webp\" \/>\n\t<meta property=\"og:image:width\" content=\"2560\" \/>\n\t<meta property=\"og:image:height\" content=\"1707\" \/>\n\t<meta property=\"og:image:type\" content=\"image\/webp\" \/>\n<meta name=\"twitter:card\" content=\"summary_large_image\" \/>\n<meta name=\"twitter:label1\" content=\"Gesch\u00e4tzte Lesezeit\" \/>\n\t<meta name=\"twitter:data1\" content=\"3\u00a0Minuten\" \/>\n<script type=\"application\/ld+json\" class=\"yoast-schema-graph\">{\"@context\":\"https:\\\/\\\/schema.org\",\"@graph\":[{\"@type\":\"WebPage\",\"@id\":\"https:\\\/\\\/masboronat.com\\\/de\\\/datenschutzbestimmungen\\\/\",\"url\":\"https:\\\/\\\/masboronat.com\\\/de\\\/datenschutzbestimmungen\\\/\",\"name\":\"Datenschutzrichtlinie von Mas Boronat\",\"isPartOf\":{\"@id\":\"https:\\\/\\\/masboronat.com\\\/de\\\/#website\"},\"datePublished\":\"2024-10-01T14:45:37+00:00\",\"dateModified\":\"2025-03-08T22:45:35+00:00\",\"description\":\"Lesen Sie unsere Datenschutzbestimmungen und erfahren Sie, wie wir Ihre pers\u00f6nlichen Daten sicher und vertraulich behandeln.\",\"breadcrumb\":{\"@id\":\"https:\\\/\\\/masboronat.com\\\/de\\\/datenschutzbestimmungen\\\/#breadcrumb\"},\"inLanguage\":\"de\",\"potentialAction\":[{\"@type\":\"ReadAction\",\"target\":[\"https:\\\/\\\/masboronat.com\\\/de\\\/datenschutzbestimmungen\\\/\"]}]},{\"@type\":\"BreadcrumbList\",\"@id\":\"https:\\\/\\\/masboronat.com\\\/de\\\/datenschutzbestimmungen\\\/#breadcrumb\",\"itemListElement\":[{\"@type\":\"ListItem\",\"position\":1,\"name\":\"Home\",\"item\":\"https:\\\/\\\/masboronat.com\\\/de\\\/startseite-de\\\/\"},{\"@type\":\"ListItem\",\"position\":2,\"name\":\"Datenschutzbestimmungen\"}]},{\"@type\":\"WebSite\",\"@id\":\"https:\\\/\\\/masboronat.com\\\/de\\\/#website\",\"url\":\"https:\\\/\\\/masboronat.com\\\/de\\\/\",\"name\":\"Mas Boronat\",\"description\":\"\",\"publisher\":{\"@id\":\"https:\\\/\\\/masboronat.com\\\/de\\\/#organization\"},\"potentialAction\":[{\"@type\":\"SearchAction\",\"target\":{\"@type\":\"EntryPoint\",\"urlTemplate\":\"https:\\\/\\\/masboronat.com\\\/de\\\/?s={search_term_string}\"},\"query-input\":{\"@type\":\"PropertyValueSpecification\",\"valueRequired\":true,\"valueName\":\"search_term_string\"}}],\"inLanguage\":\"de\"},{\"@type\":\"Organization\",\"@id\":\"https:\\\/\\\/masboronat.com\\\/de\\\/#organization\",\"name\":\"Mas Boronat\",\"url\":\"https:\\\/\\\/masboronat.com\\\/de\\\/\",\"logo\":{\"@type\":\"ImageObject\",\"inLanguage\":\"de\",\"@id\":\"https:\\\/\\\/masboronat.com\\\/de\\\/#\\\/schema\\\/logo\\\/image\\\/\",\"url\":\"https:\\\/\\\/masboronat.com\\\/wp-content\\\/uploads\\\/2025\\\/03\\\/logo-mb-2025-gold.svg\",\"contentUrl\":\"https:\\\/\\\/masboronat.com\\\/wp-content\\\/uploads\\\/2025\\\/03\\\/logo-mb-2025-gold.svg\",\"caption\":\"Mas Boronat\"},\"image\":{\"@id\":\"https:\\\/\\\/masboronat.com\\\/de\\\/#\\\/schema\\\/logo\\\/image\\\/\"},\"sameAs\":[\"https:\\\/\\\/www.facebook.com\\\/MasBoronat\",\"https:\\\/\\\/www.instagram.com\\\/masboronat\\\/\"]}]}<\/script>\n<!-- \/ Yoast SEO plugin. -->","yoast_head_json":{"title":"Datenschutzrichtlinie von Mas Boronat","description":"Lesen Sie unsere Datenschutzbestimmungen und erfahren Sie, wie wir Ihre pers\u00f6nlichen Daten sicher und vertraulich behandeln.","robots":{"index":"index","follow":"follow","max-snippet":"max-snippet:-1","max-image-preview":"max-image-preview:large","max-video-preview":"max-video-preview:-1"},"canonical":"https:\/\/masboronat.com\/de\/datenschutzbestimmungen\/","og_locale":"de_DE","og_type":"article","og_title":"Datenschutzrichtlinie von Mas Boronat","og_description":"Lesen Sie unsere Datenschutzbestimmungen und erfahren Sie, wie wir Ihre pers\u00f6nlichen Daten sicher und vertraulich behandeln.","og_url":"https:\/\/masboronat.com\/de\/datenschutzbestimmungen\/","og_site_name":"Masboronat","article_publisher":"https:\/\/www.facebook.com\/MasBoronat","article_modified_time":"2025-03-08T22:45:35+00:00","og_image":[{"width":2560,"height":1707,"url":"https:\/\/masboronat.com\/wp-content\/uploads\/2024\/10\/gal-01-scaled.webp","type":"image\/webp"}],"twitter_card":"summary_large_image","twitter_misc":{"Gesch\u00e4tzte Lesezeit":"3\u00a0Minuten"},"schema":{"@context":"https:\/\/schema.org","@graph":[{"@type":"WebPage","@id":"https:\/\/masboronat.com\/de\/datenschutzbestimmungen\/","url":"https:\/\/masboronat.com\/de\/datenschutzbestimmungen\/","name":"Datenschutzrichtlinie von Mas Boronat","isPartOf":{"@id":"https:\/\/masboronat.com\/de\/#website"},"datePublished":"2024-10-01T14:45:37+00:00","dateModified":"2025-03-08T22:45:35+00:00","description":"Lesen Sie unsere Datenschutzbestimmungen und erfahren Sie, wie wir Ihre pers\u00f6nlichen Daten sicher und vertraulich behandeln.","breadcrumb":{"@id":"https:\/\/masboronat.com\/de\/datenschutzbestimmungen\/#breadcrumb"},"inLanguage":"de","potentialAction":[{"@type":"ReadAction","target":["https:\/\/masboronat.com\/de\/datenschutzbestimmungen\/"]}]},{"@type":"BreadcrumbList","@id":"https:\/\/masboronat.com\/de\/datenschutzbestimmungen\/#breadcrumb","itemListElement":[{"@type":"ListItem","position":1,"name":"Home","item":"https:\/\/masboronat.com\/de\/startseite-de\/"},{"@type":"ListItem","position":2,"name":"Datenschutzbestimmungen"}]},{"@type":"WebSite","@id":"https:\/\/masboronat.com\/de\/#website","url":"https:\/\/masboronat.com\/de\/","name":"Mas Boronat","description":"","publisher":{"@id":"https:\/\/masboronat.com\/de\/#organization"},"potentialAction":[{"@type":"SearchAction","target":{"@type":"EntryPoint","urlTemplate":"https:\/\/masboronat.com\/de\/?s={search_term_string}"},"query-input":{"@type":"PropertyValueSpecification","valueRequired":true,"valueName":"search_term_string"}}],"inLanguage":"de"},{"@type":"Organization","@id":"https:\/\/masboronat.com\/de\/#organization","name":"Mas Boronat","url":"https:\/\/masboronat.com\/de\/","logo":{"@type":"ImageObject","inLanguage":"de","@id":"https:\/\/masboronat.com\/de\/#\/schema\/logo\/image\/","url":"https:\/\/masboronat.com\/wp-content\/uploads\/2025\/03\/logo-mb-2025-gold.svg","contentUrl":"https:\/\/masboronat.com\/wp-content\/uploads\/2025\/03\/logo-mb-2025-gold.svg","caption":"Mas Boronat"},"image":{"@id":"https:\/\/masboronat.com\/de\/#\/schema\/logo\/image\/"},"sameAs":["https:\/\/www.facebook.com\/MasBoronat","https:\/\/www.instagram.com\/masboronat\/"]}]}},"_links":{"self":[{"href":"https:\/\/masboronat.com\/de\/wp-json\/wp\/v2\/pages\/9286","targetHints":{"allow":["GET"]}}],"collection":[{"href":"https:\/\/masboronat.com\/de\/wp-json\/wp\/v2\/pages"}],"about":[{"href":"https:\/\/masboronat.com\/de\/wp-json\/wp\/v2\/types\/page"}],"author":[{"embeddable":true,"href":"https:\/\/masboronat.com\/de\/wp-json\/wp\/v2\/users\/1"}],"replies":[{"embeddable":true,"href":"https:\/\/masboronat.com\/de\/wp-json\/wp\/v2\/comments?post=9286"}],"version-history":[{"count":4,"href":"https:\/\/masboronat.com\/de\/wp-json\/wp\/v2\/pages\/9286\/revisions"}],"predecessor-version":[{"id":9440,"href":"https:\/\/masboronat.com\/de\/wp-json\/wp\/v2\/pages\/9286\/revisions\/9440"}],"wp:attachment":[{"href":"https:\/\/masboronat.com\/de\/wp-json\/wp\/v2\/media?parent=9286"}],"wp:term":[{"taxonomy":"category","embeddable":true,"href":"https:\/\/masboronat.com\/de\/wp-json\/wp\/v2\/categories?post=9286"},{"taxonomy":"post_tag","embeddable":true,"href":"https:\/\/masboronat.com\/de\/wp-json\/wp\/v2\/tags?post=9286"}],"curies":[{"name":"wp","href":"https:\/\/api.w.org\/{rel}","templated":true}]}}