{"id":9445,"date":"2024-10-01T14:45:37","date_gmt":"2024-10-01T14:45:37","guid":{"rendered":"https:\/\/masboronat.com\/politica-de-privadesa\/"},"modified":"2025-03-08T22:50:11","modified_gmt":"2025-03-08T22:50:11","slug":"politica-de-privadesa","status":"publish","type":"page","link":"https:\/\/masboronat.com\/ca\/politica-de-privadesa\/","title":{"rendered":"Pol\u00edtica de privadesa"},"content":{"rendered":"\n<h2 class=\"wp-block-heading\">Qui som<\/h2>\n\n<p><strong class=\"privacy-policy-tutorial\">Text suggerit:<\/strong> L&#8217;adre\u00e7a de la nostra p\u00e0gina web \u00e9s: https:\/\/masboronat.com.<\/p>\n\n<h2 class=\"wp-block-heading\">Comentaris<\/h2>\n\n<p><strong class=\"privacy-policy-tutorial\">Text suggerit:<\/strong> quan els visitants deixen comentaris al lloc, recollim les dades que es mostren al formulari de comentaris, i tamb\u00e9 l&#8217;adre\u00e7a IP del visitant i la cadena d&#8217;agent d&#8217;usuari del navegador per ajudar a la detecci\u00f3 de correu brossa.<\/p>\n\n<p>Es pot proporcionar una cadena an\u00f2nima creada a partir de la vostra adre\u00e7a de correu electr\u00f2nic (tamb\u00e9 anomenada hash) al servei Gravatar per veure si l&#8217;est\u00e0s utilitzant. La pol\u00edtica de privadesa del servei Gravatar est\u00e0 disponible aqu\u00ed: https:\/\/automattic.com\/privacy\/. Despr\u00e9s de l&#8217;aprovaci\u00f3 del teu comentari, la teva foto de perfil \u00e9s visible per al p\u00fablic en el context del teu comentari. <\/p>\n\n<h2 class=\"wp-block-heading\">Mitjans de comunicaci\u00f3<\/h2>\n\n<p><strong class=\"privacy-policy-tutorial\">Text suggerit:<\/strong> si pengeu imatges al lloc web, heu d&#8217;evitar penjar imatges amb dades d&#8217;ubicaci\u00f3 incrustades (EXIF GPS) incloses. Els visitants del lloc web poden descarregar i extreure qualsevol dada d&#8217;ubicaci\u00f3 de les imatges del lloc web. <\/p>\n\n<h2 class=\"wp-block-heading\">Galetes<\/h2>\n\n<p><strong class=\"privacy-policy-tutorial\">Text suggerit:<\/strong> Si deixeu un comentari al nostre lloc, podeu optar per desar el vostre nom, adre\u00e7a de correu electr\u00f2nic i lloc web a les galetes. Aquestes s\u00f3n per a la teva comoditat perqu\u00e8 no hagis d&#8217;omplir les teves dades de nou quan deixis un altre comentari. Aquestes galetes duraran un any.  <\/p>\n\n<p>Si visiteu la nostra p\u00e0gina d&#8217;inici de sessi\u00f3, establirem una galeta temporal per determinar si el vostre navegador accepta cookies. Aquesta galeta no cont\u00e9 dades personals i es descarta quan tanqueu el navegador. <\/p>\n\n<p>Quan inicieu sessi\u00f3, tamb\u00e9 configurarem diverses galetes per desar la vostra informaci\u00f3 d&#8217;inici de sessi\u00f3 i les vostres opcions de visualitzaci\u00f3 de la pantalla. Les galetes d&#8217;inici de sessi\u00f3 duren dos dies i les d&#8217;opcions de pantalla un any. Si seleccioneu &#8220;Recorda&#8217;m&#8221;, el vostre inici de sessi\u00f3 es mantindr\u00e0 durant dues setmanes. Si tanqueu la sessi\u00f3 del vostre compte, les galetes d&#8217;inici de sessi\u00f3 s&#8217;eliminaran.   <\/p>\n\n<p>Si editeu o publiqueu un article, es desar\u00e0 una galeta addicional al vostre navegador. Aquesta galeta no inclou dades personals i simplement indica l&#8217;ID de publicaci\u00f3 de l&#8217;article que acabeu d&#8217;editar. Caduca al cap d&#8217;1 dia.  <\/p>\n\n<h2 class=\"wp-block-heading\">Contingut incrustat d&#8217;altres llocs web<\/h2>\n\n<p><strong class=\"privacy-policy-tutorial\">Text suggerit:<\/strong> els articles d&#8217;aquest lloc poden incloure contingut incrustat (per exemple, v\u00eddeos, imatges, articles, etc.). El contingut incrustat d&#8217;altres llocs web es comporta exactament de la mateixa manera que si el visitant hagu\u00e9s visitat l&#8217;altre lloc web. <\/p>\n\n<p>Aquests llocs web poden recopilar dades sobre vost\u00e8, utilitzar galetes, incrustar seguiment addicional de tercers i supervisar la seva interacci\u00f3 amb aquest contingut incrustat, incl\u00f2s el seguiment de la seva interacci\u00f3 amb el contingut incrustat si teniu un compte i heu iniciat sessi\u00f3 en aquest lloc web.<\/p>\n\n<h2 class=\"wp-block-heading\">Amb qui compartim les teves dades<\/h2>\n\n<p><strong class=\"privacy-policy-tutorial\">Text suggerit:<\/strong> si sol\u00b7liciteu un restabliment de la contrasenya, la vostra adre\u00e7a IP s&#8217;inclour\u00e0 al correu electr\u00f2nic de restabliment.<\/p>\n\n<h2 class=\"wp-block-heading\">Quant de temps conservem les vostres dades<\/h2>\n\n<p><strong class=\"privacy-policy-tutorial\">Text suggerit:<\/strong> si deixeu un comentari, el comentari i les seves metadades es conserven indefinidament. Aix\u00f2 \u00e9s perqu\u00e8 puguem recon\u00e8ixer i aprovar qualsevol comentari de seguiment autom\u00e0ticament en lloc de mantenir-los en una cua de moderaci\u00f3. <\/p>\n\n<p>Per als usuaris que es registren al nostre lloc web (si n&#8217;hi ha), tamb\u00e9 emmagatzemem la informaci\u00f3 personal que proporcionen al seu perfil d&#8217;usuari. Tots els usuaris poden veure, editar o suprimir la seva informaci\u00f3 personal en qualsevol moment (excepte que no poden canviar el seu nom d&#8217;usuari). Els administradors del lloc web tamb\u00e9 poden veure i editar aquesta informaci\u00f3.  <\/p>\n\n<h2 class=\"wp-block-heading\">Quins drets tens sobre les teves dades<\/h2>\n\n<p><strong class=\"privacy-policy-tutorial\">Text suggerit:<\/strong> si teniu un compte en aquest lloc o heu deixat comentaris, podeu sol\u00b7licitar rebre un fitxer exportat de les dades personals que tenim sobre vosaltres, incloses les dades que ens h\u00e0giu proporcionat. Tamb\u00e9 podeu sol\u00b7licitar que esborrem les dades personals que tenim sobre vosaltres. Aix\u00f2 no inclou cap dada que estem obligats a conservar amb finalitats administratives, legals o de seguretat.  <\/p>\n\n<h2 class=\"wp-block-heading\">On s&#8217;envien les teves dades<\/h2>\n\n<p><strong class=\"privacy-policy-tutorial\">Text suggerit:<\/strong> els comentaris dels visitants es poden comprovar mitjan\u00e7ant un servei automatitzat de detecci\u00f3 de correu brossa.<\/p>\n","protected":false},"excerpt":{"rendered":"<p>Qui som Text suggerit: L&#8217;adre\u00e7a de la nostra p\u00e0gina web \u00e9s: https:\/\/masboronat.com. Comentaris Text suggerit: quan els visitants deixen comentaris al lloc, recollim les dades que es mostren al formulari de comentaris, i tamb\u00e9 l&#8217;adre\u00e7a IP del visitant i la cadena d&#8217;agent d&#8217;usuari del navegador per ajudar a la detecci\u00f3 de correu brossa. Es pot [&hellip;]<\/p>\n","protected":false},"author":1,"featured_media":0,"parent":0,"menu_order":10,"comment_status":"closed","ping_status":"closed","template":"","meta":{"_acf_changed":false,"content-type":"","footnotes":""},"categories":[],"tags":[],"class_list":["post-9445","page","type-page","status-publish","hentry"],"acf":[],"yoast_head":"<!-- This site is optimized with the Yoast SEO plugin v27.3 - https:\/\/yoast.com\/product\/yoast-seo-wordpress\/ -->\n<title>- Pol\u00edtica de privadesa Boronat<\/title>\n<meta name=\"description\" content=\"Llegiu la nostra pol\u00edtica de privadesa per entendre com protegim la vostra informaci\u00f3 personal.\" \/>\n<meta name=\"robots\" content=\"index, follow, max-snippet:-1, max-image-preview:large, max-video-preview:-1\" \/>\n<link rel=\"canonical\" href=\"https:\/\/masboronat.com\/ca\/politica-de-privadesa\/\" \/>\n<meta property=\"og:locale\" content=\"ca_ES\" \/>\n<meta property=\"og:type\" content=\"article\" \/>\n<meta property=\"og:title\" content=\"- Pol\u00edtica de privadesa Boronat\" \/>\n<meta property=\"og:description\" content=\"Llegiu la nostra pol\u00edtica de privadesa per entendre com protegim la vostra informaci\u00f3 personal.\" \/>\n<meta property=\"og:url\" content=\"https:\/\/masboronat.com\/ca\/politica-de-privadesa\/\" \/>\n<meta property=\"og:site_name\" content=\"Masboronat\" \/>\n<meta property=\"article:publisher\" content=\"https:\/\/www.facebook.com\/MasBoronat\" \/>\n<meta property=\"article:modified_time\" content=\"2025-03-08T22:50:11+00:00\" \/>\n<meta property=\"og:image\" content=\"https:\/\/masboronat.com\/wp-content\/uploads\/2024\/10\/gal-01-scaled.webp\" \/>\n\t<meta property=\"og:image:width\" content=\"2560\" \/>\n\t<meta property=\"og:image:height\" content=\"1707\" \/>\n\t<meta property=\"og:image:type\" content=\"image\/webp\" \/>\n<meta name=\"twitter:card\" content=\"summary_large_image\" \/>\n<meta name=\"twitter:label1\" content=\"Temps estimat de lectura\" \/>\n\t<meta name=\"twitter:data1\" content=\"3 minuts\" \/>\n<script type=\"application\/ld+json\" class=\"yoast-schema-graph\">{\"@context\":\"https:\\\/\\\/schema.org\",\"@graph\":[{\"@type\":\"WebPage\",\"@id\":\"https:\\\/\\\/masboronat.com\\\/ca\\\/politica-de-privadesa\\\/\",\"url\":\"https:\\\/\\\/masboronat.com\\\/ca\\\/politica-de-privadesa\\\/\",\"name\":\"- Pol\u00edtica de privadesa Boronat\",\"isPartOf\":{\"@id\":\"https:\\\/\\\/masboronat.com\\\/ca\\\/#website\"},\"datePublished\":\"2024-10-01T14:45:37+00:00\",\"dateModified\":\"2025-03-08T22:50:11+00:00\",\"description\":\"Llegiu la nostra pol\u00edtica de privadesa per entendre com protegim la vostra informaci\u00f3 personal.\",\"breadcrumb\":{\"@id\":\"https:\\\/\\\/masboronat.com\\\/ca\\\/politica-de-privadesa\\\/#breadcrumb\"},\"inLanguage\":\"ca\",\"potentialAction\":[{\"@type\":\"ReadAction\",\"target\":[\"https:\\\/\\\/masboronat.com\\\/ca\\\/politica-de-privadesa\\\/\"]}]},{\"@type\":\"BreadcrumbList\",\"@id\":\"https:\\\/\\\/masboronat.com\\\/ca\\\/politica-de-privadesa\\\/#breadcrumb\",\"itemListElement\":[{\"@type\":\"ListItem\",\"position\":1,\"name\":\"Home\",\"item\":\"https:\\\/\\\/masboronat.com\\\/ca\\\/home-ca\\\/\"},{\"@type\":\"ListItem\",\"position\":2,\"name\":\"Pol\u00edtica de privadesa\"}]},{\"@type\":\"WebSite\",\"@id\":\"https:\\\/\\\/masboronat.com\\\/ca\\\/#website\",\"url\":\"https:\\\/\\\/masboronat.com\\\/ca\\\/\",\"name\":\"Mas Boronat\",\"description\":\"\",\"publisher\":{\"@id\":\"https:\\\/\\\/masboronat.com\\\/ca\\\/#organization\"},\"potentialAction\":[{\"@type\":\"SearchAction\",\"target\":{\"@type\":\"EntryPoint\",\"urlTemplate\":\"https:\\\/\\\/masboronat.com\\\/ca\\\/?s={search_term_string}\"},\"query-input\":{\"@type\":\"PropertyValueSpecification\",\"valueRequired\":true,\"valueName\":\"search_term_string\"}}],\"inLanguage\":\"ca\"},{\"@type\":\"Organization\",\"@id\":\"https:\\\/\\\/masboronat.com\\\/ca\\\/#organization\",\"name\":\"Mas Boronat\",\"url\":\"https:\\\/\\\/masboronat.com\\\/ca\\\/\",\"logo\":{\"@type\":\"ImageObject\",\"inLanguage\":\"ca\",\"@id\":\"https:\\\/\\\/masboronat.com\\\/ca\\\/#\\\/schema\\\/logo\\\/image\\\/\",\"url\":\"https:\\\/\\\/masboronat.com\\\/wp-content\\\/uploads\\\/2025\\\/03\\\/logo-mb-2025-gold.svg\",\"contentUrl\":\"https:\\\/\\\/masboronat.com\\\/wp-content\\\/uploads\\\/2025\\\/03\\\/logo-mb-2025-gold.svg\",\"caption\":\"Mas Boronat\"},\"image\":{\"@id\":\"https:\\\/\\\/masboronat.com\\\/ca\\\/#\\\/schema\\\/logo\\\/image\\\/\"},\"sameAs\":[\"https:\\\/\\\/www.facebook.com\\\/MasBoronat\",\"https:\\\/\\\/www.instagram.com\\\/masboronat\\\/\"]}]}<\/script>\n<!-- \/ Yoast SEO plugin. -->","yoast_head_json":{"title":"- Pol\u00edtica de privadesa Boronat","description":"Llegiu la nostra pol\u00edtica de privadesa per entendre com protegim la vostra informaci\u00f3 personal.","robots":{"index":"index","follow":"follow","max-snippet":"max-snippet:-1","max-image-preview":"max-image-preview:large","max-video-preview":"max-video-preview:-1"},"canonical":"https:\/\/masboronat.com\/ca\/politica-de-privadesa\/","og_locale":"ca_ES","og_type":"article","og_title":"- Pol\u00edtica de privadesa Boronat","og_description":"Llegiu la nostra pol\u00edtica de privadesa per entendre com protegim la vostra informaci\u00f3 personal.","og_url":"https:\/\/masboronat.com\/ca\/politica-de-privadesa\/","og_site_name":"Masboronat","article_publisher":"https:\/\/www.facebook.com\/MasBoronat","article_modified_time":"2025-03-08T22:50:11+00:00","og_image":[{"width":2560,"height":1707,"url":"https:\/\/masboronat.com\/wp-content\/uploads\/2024\/10\/gal-01-scaled.webp","type":"image\/webp"}],"twitter_card":"summary_large_image","twitter_misc":{"Temps estimat de lectura":"3 minuts"},"schema":{"@context":"https:\/\/schema.org","@graph":[{"@type":"WebPage","@id":"https:\/\/masboronat.com\/ca\/politica-de-privadesa\/","url":"https:\/\/masboronat.com\/ca\/politica-de-privadesa\/","name":"- Pol\u00edtica de privadesa Boronat","isPartOf":{"@id":"https:\/\/masboronat.com\/ca\/#website"},"datePublished":"2024-10-01T14:45:37+00:00","dateModified":"2025-03-08T22:50:11+00:00","description":"Llegiu la nostra pol\u00edtica de privadesa per entendre com protegim la vostra informaci\u00f3 personal.","breadcrumb":{"@id":"https:\/\/masboronat.com\/ca\/politica-de-privadesa\/#breadcrumb"},"inLanguage":"ca","potentialAction":[{"@type":"ReadAction","target":["https:\/\/masboronat.com\/ca\/politica-de-privadesa\/"]}]},{"@type":"BreadcrumbList","@id":"https:\/\/masboronat.com\/ca\/politica-de-privadesa\/#breadcrumb","itemListElement":[{"@type":"ListItem","position":1,"name":"Home","item":"https:\/\/masboronat.com\/ca\/home-ca\/"},{"@type":"ListItem","position":2,"name":"Pol\u00edtica de privadesa"}]},{"@type":"WebSite","@id":"https:\/\/masboronat.com\/ca\/#website","url":"https:\/\/masboronat.com\/ca\/","name":"Mas Boronat","description":"","publisher":{"@id":"https:\/\/masboronat.com\/ca\/#organization"},"potentialAction":[{"@type":"SearchAction","target":{"@type":"EntryPoint","urlTemplate":"https:\/\/masboronat.com\/ca\/?s={search_term_string}"},"query-input":{"@type":"PropertyValueSpecification","valueRequired":true,"valueName":"search_term_string"}}],"inLanguage":"ca"},{"@type":"Organization","@id":"https:\/\/masboronat.com\/ca\/#organization","name":"Mas Boronat","url":"https:\/\/masboronat.com\/ca\/","logo":{"@type":"ImageObject","inLanguage":"ca","@id":"https:\/\/masboronat.com\/ca\/#\/schema\/logo\/image\/","url":"https:\/\/masboronat.com\/wp-content\/uploads\/2025\/03\/logo-mb-2025-gold.svg","contentUrl":"https:\/\/masboronat.com\/wp-content\/uploads\/2025\/03\/logo-mb-2025-gold.svg","caption":"Mas Boronat"},"image":{"@id":"https:\/\/masboronat.com\/ca\/#\/schema\/logo\/image\/"},"sameAs":["https:\/\/www.facebook.com\/MasBoronat","https:\/\/www.instagram.com\/masboronat\/"]}]}},"_links":{"self":[{"href":"https:\/\/masboronat.com\/ca\/wp-json\/wp\/v2\/pages\/9445","targetHints":{"allow":["GET"]}}],"collection":[{"href":"https:\/\/masboronat.com\/ca\/wp-json\/wp\/v2\/pages"}],"about":[{"href":"https:\/\/masboronat.com\/ca\/wp-json\/wp\/v2\/types\/page"}],"author":[{"embeddable":true,"href":"https:\/\/masboronat.com\/ca\/wp-json\/wp\/v2\/users\/1"}],"replies":[{"embeddable":true,"href":"https:\/\/masboronat.com\/ca\/wp-json\/wp\/v2\/comments?post=9445"}],"version-history":[{"count":2,"href":"https:\/\/masboronat.com\/ca\/wp-json\/wp\/v2\/pages\/9445\/revisions"}],"predecessor-version":[{"id":9447,"href":"https:\/\/masboronat.com\/ca\/wp-json\/wp\/v2\/pages\/9445\/revisions\/9447"}],"wp:attachment":[{"href":"https:\/\/masboronat.com\/ca\/wp-json\/wp\/v2\/media?parent=9445"}],"wp:term":[{"taxonomy":"category","embeddable":true,"href":"https:\/\/masboronat.com\/ca\/wp-json\/wp\/v2\/categories?post=9445"},{"taxonomy":"post_tag","embeddable":true,"href":"https:\/\/masboronat.com\/ca\/wp-json\/wp\/v2\/tags?post=9445"}],"curies":[{"name":"wp","href":"https:\/\/api.w.org\/{rel}","templated":true}]}}