{"id":12244,"date":"2025-11-05T21:54:26","date_gmt":"2025-11-05T21:54:26","guid":{"rendered":"https:\/\/masboronat.com\/reserva\/reserva-la-teva-calcotada-2\/"},"modified":"2026-02-16T14:32:33","modified_gmt":"2026-02-16T14:32:33","slug":"reserva-la-teva-calcotada","status":"publish","type":"page","link":"https:\/\/masboronat.com\/ca\/reserva-la-teva-calcotada\/","title":{"rendered":"Reserva la teva Cal\u00e7otada"},"content":{"rendered":"\n<div class=\"wp-block-columns is-layout-flex wp-container-core-columns-is-layout-28f84493 wp-block-columns-is-layout-flex\">\n<div class=\"wp-block-column is-layout-flow wp-block-column-is-layout-flow\" style=\"flex-basis:100%\">\n<div class=\"wp-block-columns is-layout-flex wp-container-core-columns-is-layout-28f84493 wp-block-columns-is-layout-flex\">\n<div class=\"wp-block-column is-layout-flow wp-block-column-is-layout-flow\">\n<h3 class=\"wp-block-heading\">Pakuet 1<\/h3>\n\n\n\n<p>Cal\u00e7otada tradicional 49 \u20ac<\/p>\n<\/div>\n\n\n\n<div class=\"wp-block-column is-layout-flow wp-block-column-is-layout-flow\">\n<h3 class=\"wp-block-heading\">Pakuet 2<\/h3>\n\n\n\n<p>Cal\u00e7otada + Allotjament 149\u20ac<\/p>\n<\/div>\n<\/div>\n<\/div>\n<\/div>\n\n\t<script type=\"text\/javascript\">\n        var ajaxurl = 'https:\/\/masboronat.com\/wp-admin\/admin-ajax.php';\n    <\/script>\n\n    <style>#rtb-time_root .picker__list .picker__list-item.picker__list-item--disabled { display: none; }.rtb-booking-form fieldset legend { color: #ab9574 !important; }<\/style>\n    \n<div class=\"rtb-booking-form\">\n\t\n\t\n\t\n\t\n\t<form method=\"POST\" action=\"https:\/\/masboronat.com\/boek-uw-calcotada\/\" class=\"rtb-booking-form-form\">\n\t\t<input type=\"hidden\" name=\"action\" value=\"booking_request\">\n\n\t\t\n\t\t\n\t\t\n\t\t\t\t<fieldset class=\"reservation\">\n\n\t\t\t\t\t\t<legend >\n\t\t\t\tReservar una taula\t\t\t<\/legend>\n\t\t\t\n\t\t\t\n\t<div class=\"rtb-text date\">\n\t\t\t\t<label for=\"rtb-date\">\n\t\t\tData\t\t<\/label>\n\t\t<input type=\"text\" name=\"rtb-date\" id=\"rtb-date\" value=\"\" required aria-required=\"true\">\n\t<\/div>\n\n\t\n\t<div class=\"rtb-text time\">\n\t\t\t\t<label for=\"rtb-time\">\n\t\t\tHora\t\t<\/label>\n\t\t<input type=\"text\" name=\"rtb-time\" id=\"rtb-time\" value=\"\" required aria-required=\"true\">\n\t<\/div>\n\n\t\n\t<div class=\"rtb-select package-pakket-paket-paquete-paquet\">\n\t\t\t\t<label for=\"rtb-package-pakket-paket-paquete-paquet\">\n\t\t\tPackage, Pakket, Paket, Paquete, Paquet\t\t<\/label>\n\t\t<select name=\"rtb-package-pakket-paket-paquete-paquet\" id=\"rtb-package-pakket-paket-paquete-paquet\"  data-selected=\"\">\n\t\t\t\t\t\t\t\t\t<option value=\"0\" >1<\/option>\n\t\t\t\t\t\t<option value=\"1\" >2<\/option>\n\t\t\t\t\t<\/select>\n\t<\/div>\n\n\t\n\t<div class=\"rtb-textarea dietary-requirements\">\n\t\t\t\t<label for=\"rtb-dietary-requirements\">\n\t\t\tDietary Requirements, Dieetvereisten, Besondere Ern\u00e4hrungsw\u00fcnsche, Requisitos diet\u00e9ticos, Requisits diet\u00e8tics\t\t<\/label>\n\t\t<textarea name=\"rtb-dietary-requirements\" id=\"rtb-dietary-requirements\"><\/textarea>\n\t<\/div>\n\n\t\t\t<\/fieldset>\n\t\t\t\t<fieldset class=\"number-of-aantal-nummer-numer-numero\">\n\n\t\t\t\t\t\t<legend >\n\t\t\t\tNumber of, aantal, nummer, n\u00famer, n\u00famero\t\t\t<\/legend>\n\t\t\t\n\t\t\t\n\t<div class=\"rtb-select party\">\n\t\t\t\t<label for=\"rtb-party\">\n\t\t\tAdults, Volwassenen, Erwachsene, Adultos, Adults\t\t<\/label>\n\t\t<select name=\"rtb-party\" id=\"rtb-party\" required aria-required=\"true\"  data-selected=\"\">\n\t\t\t\t\t\t\t\t\t<option value=\"1\" >1<\/option>\n\t\t\t\t\t\t<option value=\"2\" >2<\/option>\n\t\t\t\t\t\t<option value=\"3\" >3<\/option>\n\t\t\t\t\t\t<option value=\"4\" >4<\/option>\n\t\t\t\t\t\t<option value=\"5\" >5<\/option>\n\t\t\t\t\t\t<option value=\"6\" >6<\/option>\n\t\t\t\t\t\t<option value=\"7\" >7<\/option>\n\t\t\t\t\t\t<option value=\"8\" >8<\/option>\n\t\t\t\t\t\t<option value=\"9\" >9<\/option>\n\t\t\t\t\t\t<option value=\"10\" >10<\/option>\n\t\t\t\t\t\t<option value=\"11\" >11<\/option>\n\t\t\t\t\t\t<option value=\"12\" >12<\/option>\n\t\t\t\t\t\t<option value=\"13\" >13<\/option>\n\t\t\t\t\t\t<option value=\"14\" >14<\/option>\n\t\t\t\t\t\t<option value=\"15\" >15<\/option>\n\t\t\t\t\t\t<option value=\"16\" >16<\/option>\n\t\t\t\t\t\t<option value=\"17\" >17<\/option>\n\t\t\t\t\t\t<option value=\"18\" >18<\/option>\n\t\t\t\t\t\t<option value=\"19\" >19<\/option>\n\t\t\t\t\t\t<option value=\"20\" >20<\/option>\n\t\t\t\t\t\t<option value=\"21\" >21<\/option>\n\t\t\t\t\t\t<option value=\"22\" >22<\/option>\n\t\t\t\t\t\t<option value=\"23\" >23<\/option>\n\t\t\t\t\t\t<option value=\"24\" >24<\/option>\n\t\t\t\t\t\t<option value=\"25\" >25<\/option>\n\t\t\t\t\t\t<option value=\"26\" >26<\/option>\n\t\t\t\t\t\t<option value=\"27\" >27<\/option>\n\t\t\t\t\t\t<option value=\"28\" >28<\/option>\n\t\t\t\t\t\t<option value=\"29\" >29<\/option>\n\t\t\t\t\t\t<option value=\"30\" >30<\/option>\n\t\t\t\t\t\t<option value=\"31\" >31<\/option>\n\t\t\t\t\t\t<option value=\"32\" >32<\/option>\n\t\t\t\t\t\t<option value=\"33\" >33<\/option>\n\t\t\t\t\t\t<option value=\"34\" >34<\/option>\n\t\t\t\t\t\t<option value=\"35\" >35<\/option>\n\t\t\t\t\t\t<option value=\"36\" >36<\/option>\n\t\t\t\t\t\t<option value=\"37\" >37<\/option>\n\t\t\t\t\t\t<option value=\"38\" >38<\/option>\n\t\t\t\t\t\t<option value=\"39\" >39<\/option>\n\t\t\t\t\t\t<option value=\"40\" >40<\/option>\n\t\t\t\t\t\t<option value=\"41\" >41<\/option>\n\t\t\t\t\t\t<option value=\"42\" >42<\/option>\n\t\t\t\t\t\t<option value=\"43\" >43<\/option>\n\t\t\t\t\t\t<option value=\"44\" >44<\/option>\n\t\t\t\t\t\t<option value=\"45\" >45<\/option>\n\t\t\t\t\t\t<option value=\"46\" >46<\/option>\n\t\t\t\t\t\t<option value=\"47\" >47<\/option>\n\t\t\t\t\t\t<option value=\"48\" >48<\/option>\n\t\t\t\t\t\t<option value=\"49\" >49<\/option>\n\t\t\t\t\t\t<option value=\"50\" >50<\/option>\n\t\t\t\t\t\t<option value=\"51\" >51<\/option>\n\t\t\t\t\t\t<option value=\"52\" >52<\/option>\n\t\t\t\t\t\t<option value=\"53\" >53<\/option>\n\t\t\t\t\t\t<option value=\"54\" >54<\/option>\n\t\t\t\t\t\t<option value=\"55\" >55<\/option>\n\t\t\t\t\t\t<option value=\"56\" >56<\/option>\n\t\t\t\t\t\t<option value=\"57\" >57<\/option>\n\t\t\t\t\t\t<option value=\"58\" >58<\/option>\n\t\t\t\t\t\t<option value=\"59\" >59<\/option>\n\t\t\t\t\t\t<option value=\"60\" >60<\/option>\n\t\t\t\t\t\t<option value=\"61\" >61<\/option>\n\t\t\t\t\t\t<option value=\"62\" >62<\/option>\n\t\t\t\t\t\t<option value=\"63\" >63<\/option>\n\t\t\t\t\t\t<option value=\"64\" >64<\/option>\n\t\t\t\t\t\t<option value=\"65\" >65<\/option>\n\t\t\t\t\t\t<option value=\"66\" >66<\/option>\n\t\t\t\t\t\t<option value=\"67\" >67<\/option>\n\t\t\t\t\t\t<option value=\"68\" >68<\/option>\n\t\t\t\t\t\t<option value=\"69\" >69<\/option>\n\t\t\t\t\t\t<option value=\"70\" >70<\/option>\n\t\t\t\t\t\t<option value=\"71\" >71<\/option>\n\t\t\t\t\t\t<option value=\"72\" >72<\/option>\n\t\t\t\t\t\t<option value=\"73\" >73<\/option>\n\t\t\t\t\t\t<option value=\"74\" >74<\/option>\n\t\t\t\t\t\t<option value=\"75\" >75<\/option>\n\t\t\t\t\t\t<option value=\"76\" >76<\/option>\n\t\t\t\t\t\t<option value=\"77\" >77<\/option>\n\t\t\t\t\t\t<option value=\"78\" >78<\/option>\n\t\t\t\t\t\t<option value=\"79\" >79<\/option>\n\t\t\t\t\t\t<option value=\"80\" >80<\/option>\n\t\t\t\t\t\t<option value=\"81\" >81<\/option>\n\t\t\t\t\t\t<option value=\"82\" >82<\/option>\n\t\t\t\t\t\t<option value=\"83\" >83<\/option>\n\t\t\t\t\t\t<option value=\"84\" >84<\/option>\n\t\t\t\t\t\t<option value=\"85\" >85<\/option>\n\t\t\t\t\t\t<option value=\"86\" >86<\/option>\n\t\t\t\t\t\t<option value=\"87\" >87<\/option>\n\t\t\t\t\t\t<option value=\"88\" >88<\/option>\n\t\t\t\t\t\t<option value=\"89\" >89<\/option>\n\t\t\t\t\t\t<option value=\"90\" >90<\/option>\n\t\t\t\t\t\t<option value=\"91\" >91<\/option>\n\t\t\t\t\t\t<option value=\"92\" >92<\/option>\n\t\t\t\t\t\t<option value=\"93\" >93<\/option>\n\t\t\t\t\t\t<option value=\"94\" >94<\/option>\n\t\t\t\t\t\t<option value=\"95\" >95<\/option>\n\t\t\t\t\t\t<option value=\"96\" >96<\/option>\n\t\t\t\t\t\t<option value=\"97\" >97<\/option>\n\t\t\t\t\t\t<option value=\"98\" >98<\/option>\n\t\t\t\t\t\t<option value=\"99\" >99<\/option>\n\t\t\t\t\t\t<option value=\"100\" >100<\/option>\n\t\t\t\t\t<\/select>\n\t<\/div>\n\n\t\n\t<div class=\"rtb-select aantal-kinderen\">\n\t\t\t\t<label for=\"rtb-aantal-kinderen\">\n\t\t\tChildren, Kinderen, Kinder, Ni\u00f1os, Nens\t\t<\/label>\n\t\t<select name=\"rtb-aantal-kinderen\" id=\"rtb-aantal-kinderen\"  data-selected=\"\">\n\t\t\t\t\t\t\t\t\t<option value=\"101\" >0<\/option>\n\t\t\t\t\t\t<option value=\"0\" >1<\/option>\n\t\t\t\t\t\t<option value=\"1\" >2<\/option>\n\t\t\t\t\t\t<option value=\"2\" >3<\/option>\n\t\t\t\t\t\t<option value=\"3\" >4<\/option>\n\t\t\t\t\t\t<option value=\"4\" >5<\/option>\n\t\t\t\t\t\t<option value=\"5\" >6<\/option>\n\t\t\t\t\t\t<option value=\"6\" >7<\/option>\n\t\t\t\t\t\t<option value=\"7\" >8<\/option>\n\t\t\t\t\t\t<option value=\"8\" >9<\/option>\n\t\t\t\t\t\t<option value=\"9\" >10<\/option>\n\t\t\t\t\t\t<option value=\"10\" >11<\/option>\n\t\t\t\t\t\t<option value=\"11\" >12<\/option>\n\t\t\t\t\t\t<option value=\"12\" >13<\/option>\n\t\t\t\t\t\t<option value=\"13\" >14<\/option>\n\t\t\t\t\t\t<option value=\"14\" >15<\/option>\n\t\t\t\t\t\t<option value=\"15\" >16<\/option>\n\t\t\t\t\t\t<option value=\"16\" >17<\/option>\n\t\t\t\t\t\t<option value=\"17\" >18<\/option>\n\t\t\t\t\t\t<option value=\"18\" >19<\/option>\n\t\t\t\t\t\t<option value=\"19\" >20<\/option>\n\t\t\t\t\t\t<option value=\"20\" >21<\/option>\n\t\t\t\t\t\t<option value=\"21\" >22<\/option>\n\t\t\t\t\t\t<option value=\"22\" >23<\/option>\n\t\t\t\t\t\t<option value=\"23\" >24<\/option>\n\t\t\t\t\t\t<option value=\"24\" >25<\/option>\n\t\t\t\t\t\t<option value=\"25\" >26<\/option>\n\t\t\t\t\t\t<option value=\"26\" >27<\/option>\n\t\t\t\t\t\t<option value=\"27\" >28<\/option>\n\t\t\t\t\t\t<option value=\"28\" >29<\/option>\n\t\t\t\t\t\t<option value=\"29\" >30<\/option>\n\t\t\t\t\t\t<option value=\"30\" >31<\/option>\n\t\t\t\t\t\t<option value=\"31\" >32<\/option>\n\t\t\t\t\t\t<option value=\"32\" >33<\/option>\n\t\t\t\t\t\t<option value=\"33\" >34<\/option>\n\t\t\t\t\t\t<option value=\"34\" >35<\/option>\n\t\t\t\t\t\t<option value=\"35\" >36<\/option>\n\t\t\t\t\t\t<option value=\"36\" >37<\/option>\n\t\t\t\t\t\t<option value=\"37\" >38<\/option>\n\t\t\t\t\t\t<option value=\"38\" >39<\/option>\n\t\t\t\t\t\t<option value=\"39\" >40<\/option>\n\t\t\t\t\t\t<option value=\"40\" >41<\/option>\n\t\t\t\t\t\t<option value=\"41\" >42<\/option>\n\t\t\t\t\t\t<option value=\"42\" >43<\/option>\n\t\t\t\t\t\t<option value=\"43\" >44<\/option>\n\t\t\t\t\t\t<option value=\"44\" >45<\/option>\n\t\t\t\t\t\t<option value=\"45\" >46<\/option>\n\t\t\t\t\t\t<option value=\"46\" >47<\/option>\n\t\t\t\t\t\t<option value=\"47\" >48<\/option>\n\t\t\t\t\t\t<option value=\"48\" >49<\/option>\n\t\t\t\t\t\t<option value=\"49\" >50<\/option>\n\t\t\t\t\t\t<option value=\"50\" >51<\/option>\n\t\t\t\t\t\t<option value=\"51\" >52<\/option>\n\t\t\t\t\t\t<option value=\"52\" >53<\/option>\n\t\t\t\t\t\t<option value=\"53\" >54<\/option>\n\t\t\t\t\t\t<option value=\"54\" >55<\/option>\n\t\t\t\t\t\t<option value=\"55\" >56<\/option>\n\t\t\t\t\t\t<option value=\"56\" >57<\/option>\n\t\t\t\t\t\t<option value=\"57\" >58<\/option>\n\t\t\t\t\t\t<option value=\"58\" >59<\/option>\n\t\t\t\t\t\t<option value=\"59\" >60<\/option>\n\t\t\t\t\t\t<option value=\"60\" >61<\/option>\n\t\t\t\t\t\t<option value=\"61\" >62<\/option>\n\t\t\t\t\t\t<option value=\"62\" >63<\/option>\n\t\t\t\t\t\t<option value=\"63\" >64<\/option>\n\t\t\t\t\t\t<option value=\"64\" >65<\/option>\n\t\t\t\t\t\t<option value=\"65\" >66<\/option>\n\t\t\t\t\t\t<option value=\"66\" >67<\/option>\n\t\t\t\t\t\t<option value=\"67\" >68<\/option>\n\t\t\t\t\t\t<option value=\"68\" >68<\/option>\n\t\t\t\t\t\t<option value=\"69\" >69<\/option>\n\t\t\t\t\t\t<option value=\"70\" >70<\/option>\n\t\t\t\t\t\t<option value=\"71\" >71<\/option>\n\t\t\t\t\t\t<option value=\"72\" >72<\/option>\n\t\t\t\t\t\t<option value=\"73\" >73<\/option>\n\t\t\t\t\t\t<option value=\"74\" >74<\/option>\n\t\t\t\t\t\t<option value=\"75\" >75<\/option>\n\t\t\t\t\t\t<option value=\"76\" >76<\/option>\n\t\t\t\t\t\t<option value=\"77\" >77<\/option>\n\t\t\t\t\t\t<option value=\"78\" >78<\/option>\n\t\t\t\t\t\t<option value=\"79\" >79<\/option>\n\t\t\t\t\t\t<option value=\"80\" >80<\/option>\n\t\t\t\t\t\t<option value=\"81\" >81<\/option>\n\t\t\t\t\t\t<option value=\"82\" >82<\/option>\n\t\t\t\t\t\t<option value=\"83\" >83<\/option>\n\t\t\t\t\t\t<option value=\"84\" >84<\/option>\n\t\t\t\t\t\t<option value=\"85\" >85<\/option>\n\t\t\t\t\t\t<option value=\"86\" >86<\/option>\n\t\t\t\t\t\t<option value=\"87\" >87<\/option>\n\t\t\t\t\t\t<option value=\"88\" >88<\/option>\n\t\t\t\t\t\t<option value=\"89\" >89<\/option>\n\t\t\t\t\t\t<option value=\"90\" >90<\/option>\n\t\t\t\t\t\t<option value=\"91\" >91<\/option>\n\t\t\t\t\t\t<option value=\"92\" >92<\/option>\n\t\t\t\t\t\t<option value=\"93\" >93<\/option>\n\t\t\t\t\t\t<option value=\"94\" >94<\/option>\n\t\t\t\t\t\t<option value=\"95\" >95<\/option>\n\t\t\t\t\t\t<option value=\"96\" >96<\/option>\n\t\t\t\t\t\t<option value=\"97\" >97<\/option>\n\t\t\t\t\t\t<option value=\"98\" >98<\/option>\n\t\t\t\t\t\t<option value=\"99\" >99<\/option>\n\t\t\t\t\t\t<option value=\"100\" >100<\/option>\n\t\t\t\t\t<\/select>\n\t<\/div>\n\n\t\t\t<\/fieldset>\n\t\t\t\t<fieldset class=\"rtb-contact\">\n\n\t\t\t\t\t\t<legend >\n\t\t\t\tDetalls de contacte\t\t\t<\/legend>\n\t\t\t\n\t\t\t\n\t<div class=\"rtb-text name\">\n\t\t\t\t<label for=\"rtb-name\">\n\t\t\tNom\t\t<\/label>\n\t\t<input type=\"text\" name=\"rtb-name\" id=\"rtb-name\" value=\"\" required aria-required=\"true\">\n\t<\/div>\n\n\t\n\t<div class=\"rtb-text email\">\n\t\t\t\t<label for=\"rtb-email\">\n\t\t\tCorreu electr\u00f2nic\t\t<\/label>\n\t\t<input type=\"email\" name=\"rtb-email\" id=\"rtb-email\" value=\"\" required aria-required=\"true\">\n\t<\/div>\n\n\t\n\t<div class=\"rtb-text phone\">\n\t\t\t\t<label for=\"rtb-phone\">\n\t\t\tTelefoon\t\t<\/label>\n\t\t<input type=\"tel\" name=\"rtb-phone\" id=\"rtb-phone\" value=\"\">\n\t<\/div>\n\n\t\n\t<div class=\"add-message\">\n\t\t<a href=\"#\">\n\t\t\tAfegir un missatge\t\t<\/a>\n\t<\/div>\n\n\t\n\t<div class=\"rtb-textarea message\">\n\t\t\t\t<label for=\"rtb-message\">\n\t\t\tMissatge\t\t<\/label>\n\t\t<textarea name=\"rtb-message\" id=\"rtb-message\"><\/textarea>\n\t<\/div>\n\n\t\t\t<\/fieldset>\n\t\t\n\t\t\n\t\t<fieldset class=\"rtb-form-footer\">\n\t\t\t<div id='rtb_recaptcha'><\/div>\n\t\t\t\n\t\t\t<div class=\"rtb-form-submit\"><button type=\"submit\">Enviar petici\u00f3<\/button><\/div>\t\t<\/fieldset>\n\n\n\t<\/form>\n\n\t\n\t\n\t<\/div>\n\n\t","protected":false},"excerpt":{"rendered":"<p>Pakuet 1 Cal\u00e7otada tradicional 49 \u20ac Pakuet 2 Cal\u00e7otada + Allotjament 149\u20ac<\/p>\n","protected":false},"author":2,"featured_media":12245,"parent":0,"menu_order":2,"comment_status":"closed","ping_status":"closed","template":"","meta":{"_acf_changed":false,"content-type":"","footnotes":""},"categories":[],"tags":[],"class_list":["post-12244","page","type-page","status-publish","has-post-thumbnail","hentry"],"acf":[],"yoast_head":"<!-- This site is optimized with the Yoast SEO plugin v27.3 - https:\/\/yoast.com\/product\/yoast-seo-wordpress\/ -->\n<title>Reserva la teva Cal\u00e7otada - Masboronat<\/title>\n<meta name=\"robots\" content=\"index, follow, max-snippet:-1, max-image-preview:large, max-video-preview:-1\" \/>\n<link rel=\"canonical\" href=\"https:\/\/masboronat.com\/ca\/reserva-la-teva-calcotada\/\" \/>\n<meta property=\"og:locale\" content=\"ca_ES\" \/>\n<meta property=\"og:type\" content=\"article\" \/>\n<meta property=\"og:title\" content=\"Reserva la teva Cal\u00e7otada - Masboronat\" \/>\n<meta property=\"og:description\" content=\"Pakuet 1 Cal\u00e7otada tradicional 49 \u20ac Pakuet 2 Cal\u00e7otada + Allotjament 149\u20ac\" \/>\n<meta property=\"og:url\" content=\"https:\/\/masboronat.com\/ca\/reserva-la-teva-calcotada\/\" \/>\n<meta property=\"og:site_name\" content=\"Masboronat\" \/>\n<meta property=\"article:publisher\" content=\"https:\/\/www.facebook.com\/MasBoronat\" \/>\n<meta property=\"article:modified_time\" content=\"2026-02-16T14:32:33+00:00\" \/>\n<meta property=\"og:image\" content=\"https:\/\/masboronat.com\/wp-content\/uploads\/2024\/11\/fd-calcotada-local-products.webp\" \/>\n\t<meta property=\"og:image:width\" content=\"900\" \/>\n\t<meta property=\"og:image:height\" content=\"600\" \/>\n\t<meta property=\"og:image:type\" content=\"image\/webp\" \/>\n<meta name=\"twitter:card\" content=\"summary_large_image\" \/>\n<meta name=\"twitter:label1\" content=\"Temps estimat de lectura\" \/>\n\t<meta name=\"twitter:data1\" content=\"1 minut\" \/>\n<script type=\"application\/ld+json\" class=\"yoast-schema-graph\">{\"@context\":\"https:\\\/\\\/schema.org\",\"@graph\":[{\"@type\":\"WebPage\",\"@id\":\"https:\\\/\\\/masboronat.com\\\/ca\\\/reserva-la-teva-calcotada\\\/\",\"url\":\"https:\\\/\\\/masboronat.com\\\/ca\\\/reserva-la-teva-calcotada\\\/\",\"name\":\"Reserva la teva Cal\u00e7otada - Masboronat\",\"isPartOf\":{\"@id\":\"https:\\\/\\\/masboronat.com\\\/ca\\\/#website\"},\"primaryImageOfPage\":{\"@id\":\"https:\\\/\\\/masboronat.com\\\/ca\\\/reserva-la-teva-calcotada\\\/#primaryimage\"},\"image\":{\"@id\":\"https:\\\/\\\/masboronat.com\\\/ca\\\/reserva-la-teva-calcotada\\\/#primaryimage\"},\"thumbnailUrl\":\"https:\\\/\\\/masboronat.com\\\/wp-content\\\/uploads\\\/2024\\\/11\\\/fd-calcotada-local-products.webp\",\"datePublished\":\"2025-11-05T21:54:26+00:00\",\"dateModified\":\"2026-02-16T14:32:33+00:00\",\"breadcrumb\":{\"@id\":\"https:\\\/\\\/masboronat.com\\\/ca\\\/reserva-la-teva-calcotada\\\/#breadcrumb\"},\"inLanguage\":\"ca\",\"potentialAction\":[{\"@type\":\"ReadAction\",\"target\":[\"https:\\\/\\\/masboronat.com\\\/ca\\\/reserva-la-teva-calcotada\\\/\"]}]},{\"@type\":\"ImageObject\",\"inLanguage\":\"ca\",\"@id\":\"https:\\\/\\\/masboronat.com\\\/ca\\\/reserva-la-teva-calcotada\\\/#primaryimage\",\"url\":\"https:\\\/\\\/masboronat.com\\\/wp-content\\\/uploads\\\/2024\\\/11\\\/fd-calcotada-local-products.webp\",\"contentUrl\":\"https:\\\/\\\/masboronat.com\\\/wp-content\\\/uploads\\\/2024\\\/11\\\/fd-calcotada-local-products.webp\",\"width\":900,\"height\":600},{\"@type\":\"BreadcrumbList\",\"@id\":\"https:\\\/\\\/masboronat.com\\\/ca\\\/reserva-la-teva-calcotada\\\/#breadcrumb\",\"itemListElement\":[{\"@type\":\"ListItem\",\"position\":1,\"name\":\"Home\",\"item\":\"https:\\\/\\\/masboronat.com\\\/ca\\\/home-ca\\\/\"},{\"@type\":\"ListItem\",\"position\":2,\"name\":\"Reserva la teva Cal\u00e7otada\"}]},{\"@type\":\"WebSite\",\"@id\":\"https:\\\/\\\/masboronat.com\\\/ca\\\/#website\",\"url\":\"https:\\\/\\\/masboronat.com\\\/ca\\\/\",\"name\":\"Mas Boronat\",\"description\":\"\",\"publisher\":{\"@id\":\"https:\\\/\\\/masboronat.com\\\/ca\\\/#organization\"},\"potentialAction\":[{\"@type\":\"SearchAction\",\"target\":{\"@type\":\"EntryPoint\",\"urlTemplate\":\"https:\\\/\\\/masboronat.com\\\/ca\\\/?s={search_term_string}\"},\"query-input\":{\"@type\":\"PropertyValueSpecification\",\"valueRequired\":true,\"valueName\":\"search_term_string\"}}],\"inLanguage\":\"ca\"},{\"@type\":\"Organization\",\"@id\":\"https:\\\/\\\/masboronat.com\\\/ca\\\/#organization\",\"name\":\"Mas Boronat\",\"url\":\"https:\\\/\\\/masboronat.com\\\/ca\\\/\",\"logo\":{\"@type\":\"ImageObject\",\"inLanguage\":\"ca\",\"@id\":\"https:\\\/\\\/masboronat.com\\\/ca\\\/#\\\/schema\\\/logo\\\/image\\\/\",\"url\":\"https:\\\/\\\/masboronat.com\\\/wp-content\\\/uploads\\\/2025\\\/03\\\/logo-mb-2025-gold.svg\",\"contentUrl\":\"https:\\\/\\\/masboronat.com\\\/wp-content\\\/uploads\\\/2025\\\/03\\\/logo-mb-2025-gold.svg\",\"caption\":\"Mas Boronat\"},\"image\":{\"@id\":\"https:\\\/\\\/masboronat.com\\\/ca\\\/#\\\/schema\\\/logo\\\/image\\\/\"},\"sameAs\":[\"https:\\\/\\\/www.facebook.com\\\/MasBoronat\",\"https:\\\/\\\/www.instagram.com\\\/masboronat\\\/\"]}]}<\/script>\n<!-- \/ Yoast SEO plugin. -->","yoast_head_json":{"title":"Reserva la teva Cal\u00e7otada - Masboronat","robots":{"index":"index","follow":"follow","max-snippet":"max-snippet:-1","max-image-preview":"max-image-preview:large","max-video-preview":"max-video-preview:-1"},"canonical":"https:\/\/masboronat.com\/ca\/reserva-la-teva-calcotada\/","og_locale":"ca_ES","og_type":"article","og_title":"Reserva la teva Cal\u00e7otada - Masboronat","og_description":"Pakuet 1 Cal\u00e7otada tradicional 49 \u20ac Pakuet 2 Cal\u00e7otada + Allotjament 149\u20ac","og_url":"https:\/\/masboronat.com\/ca\/reserva-la-teva-calcotada\/","og_site_name":"Masboronat","article_publisher":"https:\/\/www.facebook.com\/MasBoronat","article_modified_time":"2026-02-16T14:32:33+00:00","og_image":[{"width":900,"height":600,"url":"https:\/\/masboronat.com\/wp-content\/uploads\/2024\/11\/fd-calcotada-local-products.webp","type":"image\/webp"}],"twitter_card":"summary_large_image","twitter_misc":{"Temps estimat de lectura":"1 minut"},"schema":{"@context":"https:\/\/schema.org","@graph":[{"@type":"WebPage","@id":"https:\/\/masboronat.com\/ca\/reserva-la-teva-calcotada\/","url":"https:\/\/masboronat.com\/ca\/reserva-la-teva-calcotada\/","name":"Reserva la teva Cal\u00e7otada - Masboronat","isPartOf":{"@id":"https:\/\/masboronat.com\/ca\/#website"},"primaryImageOfPage":{"@id":"https:\/\/masboronat.com\/ca\/reserva-la-teva-calcotada\/#primaryimage"},"image":{"@id":"https:\/\/masboronat.com\/ca\/reserva-la-teva-calcotada\/#primaryimage"},"thumbnailUrl":"https:\/\/masboronat.com\/wp-content\/uploads\/2024\/11\/fd-calcotada-local-products.webp","datePublished":"2025-11-05T21:54:26+00:00","dateModified":"2026-02-16T14:32:33+00:00","breadcrumb":{"@id":"https:\/\/masboronat.com\/ca\/reserva-la-teva-calcotada\/#breadcrumb"},"inLanguage":"ca","potentialAction":[{"@type":"ReadAction","target":["https:\/\/masboronat.com\/ca\/reserva-la-teva-calcotada\/"]}]},{"@type":"ImageObject","inLanguage":"ca","@id":"https:\/\/masboronat.com\/ca\/reserva-la-teva-calcotada\/#primaryimage","url":"https:\/\/masboronat.com\/wp-content\/uploads\/2024\/11\/fd-calcotada-local-products.webp","contentUrl":"https:\/\/masboronat.com\/wp-content\/uploads\/2024\/11\/fd-calcotada-local-products.webp","width":900,"height":600},{"@type":"BreadcrumbList","@id":"https:\/\/masboronat.com\/ca\/reserva-la-teva-calcotada\/#breadcrumb","itemListElement":[{"@type":"ListItem","position":1,"name":"Home","item":"https:\/\/masboronat.com\/ca\/home-ca\/"},{"@type":"ListItem","position":2,"name":"Reserva la teva Cal\u00e7otada"}]},{"@type":"WebSite","@id":"https:\/\/masboronat.com\/ca\/#website","url":"https:\/\/masboronat.com\/ca\/","name":"Mas Boronat","description":"","publisher":{"@id":"https:\/\/masboronat.com\/ca\/#organization"},"potentialAction":[{"@type":"SearchAction","target":{"@type":"EntryPoint","urlTemplate":"https:\/\/masboronat.com\/ca\/?s={search_term_string}"},"query-input":{"@type":"PropertyValueSpecification","valueRequired":true,"valueName":"search_term_string"}}],"inLanguage":"ca"},{"@type":"Organization","@id":"https:\/\/masboronat.com\/ca\/#organization","name":"Mas Boronat","url":"https:\/\/masboronat.com\/ca\/","logo":{"@type":"ImageObject","inLanguage":"ca","@id":"https:\/\/masboronat.com\/ca\/#\/schema\/logo\/image\/","url":"https:\/\/masboronat.com\/wp-content\/uploads\/2025\/03\/logo-mb-2025-gold.svg","contentUrl":"https:\/\/masboronat.com\/wp-content\/uploads\/2025\/03\/logo-mb-2025-gold.svg","caption":"Mas Boronat"},"image":{"@id":"https:\/\/masboronat.com\/ca\/#\/schema\/logo\/image\/"},"sameAs":["https:\/\/www.facebook.com\/MasBoronat","https:\/\/www.instagram.com\/masboronat\/"]}]}},"_links":{"self":[{"href":"https:\/\/masboronat.com\/ca\/wp-json\/wp\/v2\/pages\/12244","targetHints":{"allow":["GET"]}}],"collection":[{"href":"https:\/\/masboronat.com\/ca\/wp-json\/wp\/v2\/pages"}],"about":[{"href":"https:\/\/masboronat.com\/ca\/wp-json\/wp\/v2\/types\/page"}],"author":[{"embeddable":true,"href":"https:\/\/masboronat.com\/ca\/wp-json\/wp\/v2\/users\/2"}],"replies":[{"embeddable":true,"href":"https:\/\/masboronat.com\/ca\/wp-json\/wp\/v2\/comments?post=12244"}],"version-history":[{"count":3,"href":"https:\/\/masboronat.com\/ca\/wp-json\/wp\/v2\/pages\/12244\/revisions"}],"predecessor-version":[{"id":12616,"href":"https:\/\/masboronat.com\/ca\/wp-json\/wp\/v2\/pages\/12244\/revisions\/12616"}],"wp:featuredmedia":[{"embeddable":true,"href":"https:\/\/masboronat.com\/ca\/wp-json\/wp\/v2\/media\/12245"}],"wp:attachment":[{"href":"https:\/\/masboronat.com\/ca\/wp-json\/wp\/v2\/media?parent=12244"}],"wp:term":[{"taxonomy":"category","embeddable":true,"href":"https:\/\/masboronat.com\/ca\/wp-json\/wp\/v2\/categories?post=12244"},{"taxonomy":"post_tag","embeddable":true,"href":"https:\/\/masboronat.com\/ca\/wp-json\/wp\/v2\/tags?post=12244"}],"curies":[{"name":"wp","href":"https:\/\/api.w.org\/{rel}","templated":true}]}}